{"id":156,"date":"2023-11-07T13:32:03","date_gmt":"2023-11-07T12:32:03","guid":{"rendered":"http:\/\/disquek.cluster028.hosting.ovh.net\/?page_id=156"},"modified":"2023-11-24T18:35:53","modified_gmt":"2023-11-24T17:35:53","slug":"test","status":"publish","type":"page","link":"https:\/\/disquerouge.fr\/index.php\/test\/","title":{"rendered":"Test"},"content":{"rendered":"\t\t<div data-elementor-type=\"wp-page\" data-elementor-id=\"156\" class=\"elementor elementor-156\">\n\t\t\t\t<div class=\"elementor-element elementor-element-97417c6 e-flex e-con-boxed e-con e-parent\" data-id=\"97417c6\" data-element_type=\"container\" data-e-type=\"container\">\n\t\t\t\t\t<div class=\"e-con-inner\">\n\t\t\t\t<div class=\"elementor-element elementor-element-19f7886 elementor-widget elementor-widget-text-editor\" data-id=\"19f7886\" data-element_type=\"widget\" data-e-type=\"widget\" data-widget_type=\"text-editor.default\">\n\t\t\t\t<div class=\"elementor-widget-container\">\n\t\t\t\t\t\t\t\t\t<p>Page de test pour voir le d\u00e9placement des blocs et les boutons<\/p>\t\t\t\t\t\t\t\t<\/div>\n\t\t\t\t<\/div>\n\t\t\t\t\t<\/div>\n\t\t\t\t<\/div>\n\t\t<div class=\"elementor-element elementor-element-d3cfc5d e-con-full e-flex e-con e-parent\" data-id=\"d3cfc5d\" data-element_type=\"container\" data-e-type=\"container\">\n\t\t<div class=\"elementor-element elementor-element-c99aac4 e-con-full e-flex e-con e-child\" data-id=\"c99aac4\" data-element_type=\"container\" data-e-type=\"container\">\n\t\t\t\t<div class=\"elementor-element elementor-element-2979281 elementor-widget elementor-widget-button\" data-id=\"2979281\" data-element_type=\"widget\" data-e-type=\"widget\" data-widget_type=\"button.default\">\n\t\t\t\t<div class=\"elementor-widget-container\">\n\t\t\t\t\t\t\t\t\t<div class=\"elementor-button-wrapper\">\n\t\t\t\t\t<a class=\"elementor-button elementor-button-link elementor-size-sm\" href=\"http:\/\/disquek.cluster028.hosting.ovh.net\/index.php\/catenaire-1500volts\/\" id=\"Bt1\">\n\t\t\t\t\t\t<span class=\"elementor-button-content-wrapper\">\n\t\t\t\t\t\t\t\t\t<span class=\"elementor-button-text\">Retour<\/span>\n\t\t\t\t\t<\/span>\n\t\t\t\t\t<\/a>\n\t\t\t\t<\/div>\n\t\t\t\t\t\t\t\t<\/div>\n\t\t\t\t<\/div>\n\t\t\t\t<\/div>\n\t\t<div class=\"elementor-element elementor-element-06a0e69 e-con-full e-flex e-con e-child\" data-id=\"06a0e69\" data-element_type=\"container\" data-e-type=\"container\">\n\t\t\t\t<div class=\"elementor-element elementor-element-b0744a7 elementor-widget__width-initial elementor-widget elementor-widget-text-editor\" data-id=\"b0744a7\" data-element_type=\"widget\" data-e-type=\"widget\" data-widget_type=\"text-editor.default\">\n\t\t\t\t<div class=\"elementor-widget-container\">\n\t\t\t\t\t\t\t\t\t<p>Bouton pour retourner vers la cat\u00e9naire 1500 volts.<\/p>\t\t\t\t\t\t\t\t<\/div>\n\t\t\t\t<\/div>\n\t\t\t\t<\/div>\n\t\t\t\t<\/div>\n\t\t<div class=\"elementor-element elementor-element-a38963c e-con-full e-flex e-con e-parent\" data-id=\"a38963c\" data-element_type=\"container\" data-e-type=\"container\">\n\t\t<div class=\"elementor-element elementor-element-03ccdcf e-con-full e-flex e-con e-child\" data-id=\"03ccdcf\" data-element_type=\"container\" data-e-type=\"container\">\n\t\t\t\t<div class=\"elementor-element elementor-element-2bf502a elementor-align-center elementor-widget elementor-widget-button\" data-id=\"2bf502a\" data-element_type=\"widget\" data-e-type=\"widget\" data-widget_type=\"button.default\">\n\t\t\t\t<div class=\"elementor-widget-container\">\n\t\t\t\t\t\t\t\t\t<div class=\"elementor-button-wrapper\">\n\t\t\t\t\t<a class=\"elementor-button elementor-button-link elementor-size-md\" href=\"http:\/\/disquek.cluster028.hosting.ovh.net\/index.php\/catenaire-25kv\/\" id=\"Bt2\">\n\t\t\t\t\t\t<span class=\"elementor-button-content-wrapper\">\n\t\t\t\t\t\t\t\t\t<span class=\"elementor-button-text\">B2<\/span>\n\t\t\t\t\t<\/span>\n\t\t\t\t\t<\/a>\n\t\t\t\t<\/div>\n\t\t\t\t\t\t\t\t<\/div>\n\t\t\t\t<\/div>\n\t\t\t\t<\/div>\n\t\t<div class=\"elementor-element elementor-element-8457cad e-con-full e-flex e-con e-child\" data-id=\"8457cad\" data-element_type=\"container\" data-e-type=\"container\">\n\t\t\t\t<\/div>\n\t\t\t\t<div class=\"elementor-element elementor-element-ffa085c elementor-widget elementor-widget-text-editor\" data-id=\"ffa085c\" data-element_type=\"widget\" data-e-type=\"widget\" data-widget_type=\"text-editor.default\">\n\t\t\t\t<div class=\"elementor-widget-container\">\n\t\t\t\t\t\t\t\t\t<p>Bouton pour retourner vers Cat\u00e9naire 25 000 volts<\/p>\t\t\t\t\t\t\t\t<\/div>\n\t\t\t\t<\/div>\n\t\t\t\t<\/div>\n\t\t<div class=\"elementor-element elementor-element-67cccc7 e-flex e-con-boxed e-con e-parent\" data-id=\"67cccc7\" data-element_type=\"container\" data-e-type=\"container\">\n\t\t\t\t\t<div class=\"e-con-inner\">\n\t\t\t\t<div class=\"elementor-element elementor-element-0f33c7f elementor-position-top elementor-widget elementor-widget-image-box\" data-id=\"0f33c7f\" data-element_type=\"widget\" data-e-type=\"widget\" data-widget_type=\"image-box.default\">\n\t\t\t\t<div class=\"elementor-widget-container\">\n\t\t\t\t\t<div class=\"elementor-image-box-wrapper\"><figure class=\"elementor-image-box-img\"><img fetchpriority=\"high\" decoding=\"async\" width=\"300\" height=\"225\" src=\"https:\/\/disquerouge.fr\/wp-content\/uploads\/2023\/11\/20230227_101047-300x225.jpg\" class=\"attachment-medium size-medium wp-image-563\" alt=\"\" style=\"width:100%;height:75%;max-width:2560px\" srcset=\"https:\/\/disquerouge.fr\/wp-content\/uploads\/2023\/11\/20230227_101047-300x225.jpg 300w, https:\/\/disquerouge.fr\/wp-content\/uploads\/2023\/11\/20230227_101047-1024x768.jpg 1024w, https:\/\/disquerouge.fr\/wp-content\/uploads\/2023\/11\/20230227_101047-150x113.jpg 150w, https:\/\/disquerouge.fr\/wp-content\/uploads\/2023\/11\/20230227_101047-768x576.jpg 768w, https:\/\/disquerouge.fr\/wp-content\/uploads\/2023\/11\/20230227_101047-1536x1152.jpg 1536w, https:\/\/disquerouge.fr\/wp-content\/uploads\/2023\/11\/20230227_101047-2048x1536.jpg 2048w, https:\/\/disquerouge.fr\/wp-content\/uploads\/2023\/11\/20230227_101047-1568x1176.jpg 1568w\" sizes=\"(max-width: 300px) 100vw, 300px\" \/><\/figure><div class=\"elementor-image-box-content\"><h3 class=\"elementor-image-box-title\">Nacelle avec deux cibles<\/h3><p class=\"elementor-image-box-description\">R\u00e9alisation sur mesure d'une nacelle avec une cible pour chaque sens de marche.<\/p><\/div><\/div>\t\t\t\t<\/div>\n\t\t\t\t<\/div>\n\t\t\t\t\t<\/div>\n\t\t\t\t<\/div>\n\t\t<div class=\"elementor-element elementor-element-df577d6 e-flex e-con-boxed e-con e-parent\" data-id=\"df577d6\" data-element_type=\"container\" data-e-type=\"container\">\n\t\t\t\t\t<div class=\"e-con-inner\">\n\t\t\t\t<div class=\"elementor-element elementor-element-b9de1ca elementor-widget elementor-widget-image-gallery\" data-id=\"b9de1ca\" data-element_type=\"widget\" data-e-type=\"widget\" data-widget_type=\"image-gallery.default\">\n\t\t\t\t<div class=\"elementor-widget-container\">\n\t\t\t\t\t\t\t<div class=\"elementor-image-gallery\">\n\t\t\t<div id='gallery-1' class='gallery galleryid-156 gallery-columns-3 gallery-size-medium'><figure class='gallery-item'>\n\t\t\t<div class='gallery-icon portrait'>\n\t\t\t\t<a data-elementor-open-lightbox=\"yes\" data-elementor-lightbox-slideshow=\"b9de1ca\" data-elementor-lightbox-title=\"20190730_191136\" data-e-action-hash=\"#elementor-action%3Aaction%3Dlightbox%26settings%3DeyJpZCI6MTE5LCJ1cmwiOiJodHRwczpcL1wvZGlzcXVlcm91Z2UuZnJcL3dwLWNvbnRlbnRcL3VwbG9hZHNcLzIwMjNcLzExXC8yMDE5MDczMF8xOTExMzYtc2NhbGVkLmpwZyIsInNsaWRlc2hvdyI6ImI5ZGUxY2EifQ%3D%3D\" href='https:\/\/disquerouge.fr\/wp-content\/uploads\/2023\/11\/20190730_191136-scaled.jpg'><img decoding=\"async\" width=\"169\" height=\"300\" src=\"https:\/\/disquerouge.fr\/wp-content\/uploads\/2023\/11\/20190730_191136-169x300.jpg\" class=\"attachment-medium size-medium\" alt=\"\" aria-describedby=\"gallery-1-119\" srcset=\"https:\/\/disquerouge.fr\/wp-content\/uploads\/2023\/11\/20190730_191136-169x300.jpg 169w, https:\/\/disquerouge.fr\/wp-content\/uploads\/2023\/11\/20190730_191136-576x1024.jpg 576w, https:\/\/disquerouge.fr\/wp-content\/uploads\/2023\/11\/20190730_191136-768x1365.jpg 768w, https:\/\/disquerouge.fr\/wp-content\/uploads\/2023\/11\/20190730_191136-864x1536.jpg 864w, https:\/\/disquerouge.fr\/wp-content\/uploads\/2023\/11\/20190730_191136-1152x2048.jpg 1152w, https:\/\/disquerouge.fr\/wp-content\/uploads\/2023\/11\/20190730_191136-1568x2788.jpg 1568w, https:\/\/disquerouge.fr\/wp-content\/uploads\/2023\/11\/20190730_191136-scaled.jpg 1440w\" sizes=\"(max-width: 169px) 100vw, 169px\" style=\"width:100%;height:177.78%;max-width:1440px;\" \/><\/a>\n\t\t\t<\/div>\n\t\t\t\t<figcaption class='wp-caption-text gallery-caption' id='gallery-1-119'>\n\t\t\t\tPyl\u00f4ne EDF le \u00ab\u00a0Chat\u00a0\u00bb\n\t\t\t\t<\/figcaption><\/figure><figure class='gallery-item'>\n\t\t\t<div class='gallery-icon landscape'>\n\t\t\t\t<a data-elementor-open-lightbox=\"yes\" data-elementor-lightbox-slideshow=\"b9de1ca\" data-elementor-lightbox-title=\"20221122_132936\" data-e-action-hash=\"#elementor-action%3Aaction%3Dlightbox%26settings%3DeyJpZCI6NTYwLCJ1cmwiOiJodHRwczpcL1wvZGlzcXVlcm91Z2UuZnJcL3dwLWNvbnRlbnRcL3VwbG9hZHNcLzIwMjNcLzExXC8yMDIyMTEyMl8xMzI5MzYtc2NhbGVkLmpwZyIsInNsaWRlc2hvdyI6ImI5ZGUxY2EifQ%3D%3D\" href='https:\/\/disquerouge.fr\/wp-content\/uploads\/2023\/11\/20221122_132936-scaled.jpg'><img decoding=\"async\" width=\"300\" height=\"225\" src=\"https:\/\/disquerouge.fr\/wp-content\/uploads\/2023\/11\/20221122_132936-300x225.jpg\" class=\"attachment-medium size-medium\" alt=\"\" aria-describedby=\"gallery-1-560\" srcset=\"https:\/\/disquerouge.fr\/wp-content\/uploads\/2023\/11\/20221122_132936-300x225.jpg 300w, https:\/\/disquerouge.fr\/wp-content\/uploads\/2023\/11\/20221122_132936-1024x768.jpg 1024w, https:\/\/disquerouge.fr\/wp-content\/uploads\/2023\/11\/20221122_132936-150x113.jpg 150w, https:\/\/disquerouge.fr\/wp-content\/uploads\/2023\/11\/20221122_132936-768x576.jpg 768w, https:\/\/disquerouge.fr\/wp-content\/uploads\/2023\/11\/20221122_132936-1536x1152.jpg 1536w, https:\/\/disquerouge.fr\/wp-content\/uploads\/2023\/11\/20221122_132936-2048x1536.jpg 2048w, https:\/\/disquerouge.fr\/wp-content\/uploads\/2023\/11\/20221122_132936-1568x1176.jpg 1568w\" sizes=\"(max-width: 300px) 100vw, 300px\" style=\"width:100%;height:75%;max-width:2560px;\" \/><\/a>\n\t\t\t<\/div>\n\t\t\t\t<figcaption class='wp-caption-text gallery-caption' id='gallery-1-560'>\n\t\t\t\tPoteaux et cat\u00e9naire 1500 volts\n\t\t\t\t<\/figcaption><\/figure><figure class='gallery-item'>\n\t\t\t<div class='gallery-icon portrait'>\n\t\t\t\t<a data-elementor-open-lightbox=\"yes\" data-elementor-lightbox-slideshow=\"b9de1ca\" data-elementor-lightbox-title=\"20200508_120925\" data-e-action-hash=\"#elementor-action%3Aaction%3Dlightbox%26settings%3DeyJpZCI6NTU4LCJ1cmwiOiJodHRwczpcL1wvZGlzcXVlcm91Z2UuZnJcL3dwLWNvbnRlbnRcL3VwbG9hZHNcLzIwMjNcLzExXC8yMDIwMDUwOF8xMjA5MjUtc2NhbGVkLmpwZyIsInNsaWRlc2hvdyI6ImI5ZGUxY2EifQ%3D%3D\" href='https:\/\/disquerouge.fr\/wp-content\/uploads\/2023\/11\/20200508_120925-scaled.jpg'><img loading=\"lazy\" decoding=\"async\" width=\"169\" height=\"300\" src=\"https:\/\/disquerouge.fr\/wp-content\/uploads\/2023\/11\/20200508_120925-169x300.jpg\" class=\"attachment-medium size-medium\" alt=\"\" aria-describedby=\"gallery-1-558\" srcset=\"https:\/\/disquerouge.fr\/wp-content\/uploads\/2023\/11\/20200508_120925-169x300.jpg 169w, https:\/\/disquerouge.fr\/wp-content\/uploads\/2023\/11\/20200508_120925-576x1024.jpg 576w, https:\/\/disquerouge.fr\/wp-content\/uploads\/2023\/11\/20200508_120925-84x150.jpg 84w, https:\/\/disquerouge.fr\/wp-content\/uploads\/2023\/11\/20200508_120925-768x1365.jpg 768w, https:\/\/disquerouge.fr\/wp-content\/uploads\/2023\/11\/20200508_120925-864x1536.jpg 864w, https:\/\/disquerouge.fr\/wp-content\/uploads\/2023\/11\/20200508_120925-1152x2048.jpg 1152w, https:\/\/disquerouge.fr\/wp-content\/uploads\/2023\/11\/20200508_120925-1568x2788.jpg 1568w, https:\/\/disquerouge.fr\/wp-content\/uploads\/2023\/11\/20200508_120925-scaled.jpg 1440w\" sizes=\"(max-width: 169px) 100vw, 169px\" style=\"width:100%;height:177.78%;max-width:1440px;\" \/><\/a>\n\t\t\t<\/div>\n\t\t\t\t<figcaption class='wp-caption-text gallery-caption' id='gallery-1-558'>\n\t\t\t\tPortiques 3 et 4 voies\n\t\t\t\t<\/figcaption><\/figure>\n\t\t<\/div>\n\t\t<\/div>\n\t\t\t\t\t\t<\/div>\n\t\t\t\t<\/div>\n\t\t\t\t\t<\/div>\n\t\t\t\t<\/div>\n\t\t\t\t<\/div>\n\t\t","protected":false},"excerpt":{"rendered":"<p>Page de test pour voir le d\u00e9placement des blocs et les boutons Retour Bouton pour retourner vers la cat\u00e9naire 1500 volts. B2 Bouton pour retourner vers Cat\u00e9naire 25 000 volts Nacelle avec deux cibles R\u00e9alisation sur mesure d&rsquo;une nacelle avec une cible pour chaque sens de marche. Pyl\u00f4ne EDF le \u00ab\u00a0Chat\u00a0\u00bb Poteaux et cat\u00e9naire 1500&hellip; <a class=\"more-link\" href=\"https:\/\/disquerouge.fr\/index.php\/test\/\">Poursuivre la lecture <span class=\"screen-reader-text\">Test<\/span><\/a><\/p>\n","protected":false},"author":1,"featured_media":0,"parent":0,"menu_order":0,"comment_status":"closed","ping_status":"closed","template":"","meta":{"footnotes":""},"class_list":["post-156","page","type-page","status-publish","hentry","entry"],"yoast_head":"<!-- This site is optimized with the Yoast SEO plugin v27.4 - https:\/\/yoast.com\/product\/yoast-seo-wordpress\/ -->\n<title>Test - Disque Rouge<\/title>\n<meta name=\"robots\" content=\"index, follow, max-snippet:-1, max-image-preview:large, max-video-preview:-1\" \/>\n<link rel=\"canonical\" href=\"https:\/\/disquerouge.fr\/index.php\/test\/\" \/>\n<meta property=\"og:locale\" content=\"fr_FR\" \/>\n<meta property=\"og:type\" content=\"article\" \/>\n<meta property=\"og:title\" content=\"Test - Disque Rouge\" \/>\n<meta property=\"og:description\" content=\"Page de test pour voir le d\u00e9placement des blocs et les boutons Retour Bouton pour retourner vers la cat\u00e9naire 1500 volts. B2 Bouton pour retourner vers Cat\u00e9naire 25 000 volts Nacelle avec deux cibles R\u00e9alisation sur mesure d&rsquo;une nacelle avec une cible pour chaque sens de marche. Pyl\u00f4ne EDF le \u00ab\u00a0Chat\u00a0\u00bb Poteaux et cat\u00e9naire 1500&hellip; Poursuivre la lecture Test\" \/>\n<meta property=\"og:url\" content=\"https:\/\/disquerouge.fr\/index.php\/test\/\" \/>\n<meta property=\"og:site_name\" content=\"Disque Rouge\" \/>\n<meta property=\"article:modified_time\" content=\"2023-11-24T17:35:53+00:00\" \/>\n<meta property=\"og:image\" content=\"http:\/\/disquek.cluster028.hosting.ovh.net\/wp-content\/uploads\/2023\/11\/20230227_101047-300x225.jpg\" \/>\n<meta name=\"twitter:card\" content=\"summary_large_image\" \/>\n<script type=\"application\/ld+json\" class=\"yoast-schema-graph\">{\"@context\":\"https:\\\/\\\/schema.org\",\"@graph\":[{\"@type\":\"WebPage\",\"@id\":\"https:\\\/\\\/disquerouge.fr\\\/index.php\\\/test\\\/\",\"url\":\"https:\\\/\\\/disquerouge.fr\\\/index.php\\\/test\\\/\",\"name\":\"Test - Disque Rouge\",\"isPartOf\":{\"@id\":\"https:\\\/\\\/disquerouge.fr\\\/#website\"},\"primaryImageOfPage\":{\"@id\":\"https:\\\/\\\/disquerouge.fr\\\/index.php\\\/test\\\/#primaryimage\"},\"image\":{\"@id\":\"https:\\\/\\\/disquerouge.fr\\\/index.php\\\/test\\\/#primaryimage\"},\"thumbnailUrl\":\"http:\\\/\\\/disquek.cluster028.hosting.ovh.net\\\/wp-content\\\/uploads\\\/2023\\\/11\\\/20230227_101047-300x225.jpg\",\"datePublished\":\"2023-11-07T12:32:03+00:00\",\"dateModified\":\"2023-11-24T17:35:53+00:00\",\"breadcrumb\":{\"@id\":\"https:\\\/\\\/disquerouge.fr\\\/index.php\\\/test\\\/#breadcrumb\"},\"inLanguage\":\"fr-FR\",\"potentialAction\":[{\"@type\":\"ReadAction\",\"target\":[\"https:\\\/\\\/disquerouge.fr\\\/index.php\\\/test\\\/\"]}]},{\"@type\":\"ImageObject\",\"inLanguage\":\"fr-FR\",\"@id\":\"https:\\\/\\\/disquerouge.fr\\\/index.php\\\/test\\\/#primaryimage\",\"url\":\"http:\\\/\\\/disquek.cluster028.hosting.ovh.net\\\/wp-content\\\/uploads\\\/2023\\\/11\\\/20230227_101047-300x225.jpg\",\"contentUrl\":\"http:\\\/\\\/disquek.cluster028.hosting.ovh.net\\\/wp-content\\\/uploads\\\/2023\\\/11\\\/20230227_101047-300x225.jpg\"},{\"@type\":\"BreadcrumbList\",\"@id\":\"https:\\\/\\\/disquerouge.fr\\\/index.php\\\/test\\\/#breadcrumb\",\"itemListElement\":[{\"@type\":\"ListItem\",\"position\":1,\"name\":\"Accueil\",\"item\":\"https:\\\/\\\/disquerouge.fr\\\/\"},{\"@type\":\"ListItem\",\"position\":2,\"name\":\"Test\"}]},{\"@type\":\"WebSite\",\"@id\":\"https:\\\/\\\/disquerouge.fr\\\/#website\",\"url\":\"https:\\\/\\\/disquerouge.fr\\\/\",\"name\":\"Disque Rouge\",\"description\":\"signalisation et cat\u00e9naire pour mod\u00e9lisme ferroviaire\",\"potentialAction\":[{\"@type\":\"SearchAction\",\"target\":{\"@type\":\"EntryPoint\",\"urlTemplate\":\"https:\\\/\\\/disquerouge.fr\\\/?s={search_term_string}\"},\"query-input\":{\"@type\":\"PropertyValueSpecification\",\"valueRequired\":true,\"valueName\":\"search_term_string\"}}],\"inLanguage\":\"fr-FR\"}]}<\/script>\n<!-- \/ Yoast SEO plugin. -->","yoast_head_json":{"title":"Test - Disque Rouge","robots":{"index":"index","follow":"follow","max-snippet":"max-snippet:-1","max-image-preview":"max-image-preview:large","max-video-preview":"max-video-preview:-1"},"canonical":"https:\/\/disquerouge.fr\/index.php\/test\/","og_locale":"fr_FR","og_type":"article","og_title":"Test - Disque Rouge","og_description":"Page de test pour voir le d\u00e9placement des blocs et les boutons Retour Bouton pour retourner vers la cat\u00e9naire 1500 volts. B2 Bouton pour retourner vers Cat\u00e9naire 25 000 volts Nacelle avec deux cibles R\u00e9alisation sur mesure d&rsquo;une nacelle avec une cible pour chaque sens de marche. Pyl\u00f4ne EDF le \u00ab\u00a0Chat\u00a0\u00bb Poteaux et cat\u00e9naire 1500&hellip; Poursuivre la lecture Test","og_url":"https:\/\/disquerouge.fr\/index.php\/test\/","og_site_name":"Disque Rouge","article_modified_time":"2023-11-24T17:35:53+00:00","og_image":[{"url":"http:\/\/disquek.cluster028.hosting.ovh.net\/wp-content\/uploads\/2023\/11\/20230227_101047-300x225.jpg","type":"","width":"","height":""}],"twitter_card":"summary_large_image","schema":{"@context":"https:\/\/schema.org","@graph":[{"@type":"WebPage","@id":"https:\/\/disquerouge.fr\/index.php\/test\/","url":"https:\/\/disquerouge.fr\/index.php\/test\/","name":"Test - Disque Rouge","isPartOf":{"@id":"https:\/\/disquerouge.fr\/#website"},"primaryImageOfPage":{"@id":"https:\/\/disquerouge.fr\/index.php\/test\/#primaryimage"},"image":{"@id":"https:\/\/disquerouge.fr\/index.php\/test\/#primaryimage"},"thumbnailUrl":"http:\/\/disquek.cluster028.hosting.ovh.net\/wp-content\/uploads\/2023\/11\/20230227_101047-300x225.jpg","datePublished":"2023-11-07T12:32:03+00:00","dateModified":"2023-11-24T17:35:53+00:00","breadcrumb":{"@id":"https:\/\/disquerouge.fr\/index.php\/test\/#breadcrumb"},"inLanguage":"fr-FR","potentialAction":[{"@type":"ReadAction","target":["https:\/\/disquerouge.fr\/index.php\/test\/"]}]},{"@type":"ImageObject","inLanguage":"fr-FR","@id":"https:\/\/disquerouge.fr\/index.php\/test\/#primaryimage","url":"http:\/\/disquek.cluster028.hosting.ovh.net\/wp-content\/uploads\/2023\/11\/20230227_101047-300x225.jpg","contentUrl":"http:\/\/disquek.cluster028.hosting.ovh.net\/wp-content\/uploads\/2023\/11\/20230227_101047-300x225.jpg"},{"@type":"BreadcrumbList","@id":"https:\/\/disquerouge.fr\/index.php\/test\/#breadcrumb","itemListElement":[{"@type":"ListItem","position":1,"name":"Accueil","item":"https:\/\/disquerouge.fr\/"},{"@type":"ListItem","position":2,"name":"Test"}]},{"@type":"WebSite","@id":"https:\/\/disquerouge.fr\/#website","url":"https:\/\/disquerouge.fr\/","name":"Disque Rouge","description":"signalisation et cat\u00e9naire pour mod\u00e9lisme ferroviaire","potentialAction":[{"@type":"SearchAction","target":{"@type":"EntryPoint","urlTemplate":"https:\/\/disquerouge.fr\/?s={search_term_string}"},"query-input":{"@type":"PropertyValueSpecification","valueRequired":true,"valueName":"search_term_string"}}],"inLanguage":"fr-FR"}]}},"_links":{"self":[{"href":"https:\/\/disquerouge.fr\/index.php\/wp-json\/wp\/v2\/pages\/156","targetHints":{"allow":["GET"]}}],"collection":[{"href":"https:\/\/disquerouge.fr\/index.php\/wp-json\/wp\/v2\/pages"}],"about":[{"href":"https:\/\/disquerouge.fr\/index.php\/wp-json\/wp\/v2\/types\/page"}],"author":[{"embeddable":true,"href":"https:\/\/disquerouge.fr\/index.php\/wp-json\/wp\/v2\/users\/1"}],"replies":[{"embeddable":true,"href":"https:\/\/disquerouge.fr\/index.php\/wp-json\/wp\/v2\/comments?post=156"}],"version-history":[{"count":67,"href":"https:\/\/disquerouge.fr\/index.php\/wp-json\/wp\/v2\/pages\/156\/revisions"}],"predecessor-version":[{"id":597,"href":"https:\/\/disquerouge.fr\/index.php\/wp-json\/wp\/v2\/pages\/156\/revisions\/597"}],"wp:attachment":[{"href":"https:\/\/disquerouge.fr\/index.php\/wp-json\/wp\/v2\/media?parent=156"}],"curies":[{"name":"wp","href":"https:\/\/api.w.org\/{rel}","templated":true}]}}